{"id":3,"date":"2024-04-16T18:04:39","date_gmt":"2024-04-16T16:04:39","guid":{"rendered":"http:\/\/www.traverseephotobretagne.fr\/?page_id=3"},"modified":"2025-03-12T16:22:06","modified_gmt":"2025-03-12T15:22:06","slug":"politique-de-confidentialite","status":"publish","type":"page","link":"https:\/\/www.traverseephotobretagne.fr\/index.php\/politique-de-confidentialite\/","title":{"rendered":"Mentions l\u00e9gales"},"content":{"rendered":"\t\t<div data-elementor-type=\"wp-page\" data-elementor-id=\"3\" class=\"elementor elementor-3\">\n\t\t\t\t<div class=\"elementor-element elementor-element-7fd6b0bb e-flex e-con-boxed e-con e-parent\" data-id=\"7fd6b0bb\" data-element_type=\"container\">\n\t\t\t\t\t<div class=\"e-con-inner\">\n\t\t\t\t<div class=\"elementor-element elementor-element-16ae7738 elementor-widget elementor-widget-text-editor\" data-id=\"16ae7738\" data-element_type=\"widget\" data-widget_type=\"text-editor.default\">\n\t\t\t\t<div class=\"elementor-widget-container\">\n\t\t\t<style>\/*! elementor - v3.21.0 - 22-05-2024 *\/\n.elementor-widget-text-editor.elementor-drop-cap-view-stacked .elementor-drop-cap{background-color:#69727d;color:#fff}.elementor-widget-text-editor.elementor-drop-cap-view-framed .elementor-drop-cap{color:#69727d;border:3px solid;background-color:transparent}.elementor-widget-text-editor:not(.elementor-drop-cap-view-default) .elementor-drop-cap{margin-top:8px}.elementor-widget-text-editor:not(.elementor-drop-cap-view-default) .elementor-drop-cap-letter{width:1em;height:1em}.elementor-widget-text-editor .elementor-drop-cap{float:left;text-align:center;line-height:1;font-size:50px}.elementor-widget-text-editor .elementor-drop-cap-letter{display:inline-block}<\/style>\t\t\t\t<h2>Qui sommes &#8211; nous\u00a0?<\/h2>\n<p><!-- \/wp:heading --><\/p>\n<p><!-- wp:heading {\"level\":3,\"style\":{\"elements\":{\"link\":{\"color\":{\"text\":\"var:preset|color|white\"}}}},\"textColor\":\"white\"} --><\/p>\n<p>Une travers\u00e9e photographique en Bretagne est le fruit de la r\u00e9union de structures artistiques qui partagent la m\u00eame passion pour la photographie en r\u00e9gion Bretagne.<br \/>Ensemble, elles dessinent des parcours, r\u00e9cits et aventures pour d\u00e9couvrir ce que le territoire rec\u00e8le de tr\u00e9sors photographiques contemporains.<br \/>Expositions monographiques, festival, collections bretonnes ou projets dans la ville, Une travers\u00e9e photographique en Bretagne, ce sont de multiples propositions offertes l&rsquo;\u00e9t\u00e9 aux publics pour traverser la Bretagne par le prisme de la photographie.<\/p>\n<p><!-- \/wp:heading --><\/p>\n<p><!-- wp:paragraph {\"style\":{\"elements\":{\"link\":{\"color\":{\"text\":\"var:preset|color|white\"}}}},\"textColor\":\"white\"} --><\/p>\n<p><strong>En 2024, les partenaires de l&rsquo;op\u00e9ration \u00e9taient :<\/strong><\/p>\n<ul>\n<li><b>Les Champs Libres \u2013 Rennes<\/b><\/li>\n<li><b style=\"font-family: var( --e-global-typography-text-font-family ), Sans-serif; text-align: var(--text-align); font-size: 1rem;\">Le Festival Photo La Gacilly\u00a0<\/b><\/li>\n<li><strong>Chemins du Patrimoine en Finist\u00e8re<\/strong><\/li>\n<li><b style=\"font-family: var( --e-global-typography-text-font-family ), Sans-serif; text-align: var(--text-align); font-size: 1rem;\">Le Frac Bretagne &#8211; Rennes<\/b><\/li>\n<li><b style=\"font-family: var( --e-global-typography-text-font-family ), Sans-serif; text-align: var(--text-align); font-size: 1rem;\">Le Centre d\u2019art Gwinzegal \u2013 Guingamp<\/b><\/li>\n<li><b style=\"font-family: var( --e-global-typography-text-font-family ), Sans-serif; text-align: var(--text-align); font-size: 1rem;\">Le Lieu de la Photographie \u2013 Lorient<\/b><\/li>\n<li><b style=\"font-family: var( --e-global-typography-text-font-family ), Sans-serif; text-align: var(--text-align); font-size: 1rem;\">La Ville de Vannes\u00a0<\/b><\/li>\n<li><b style=\"font-family: var( --e-global-typography-text-font-family ), Sans-serif; text-align: var(--text-align); font-size: 1rem;\">Le Fonds H\u00e9l\u00e8ne &amp; \u00c9douard Leclerc &#8211; Landerneau<\/b><\/li>\n<li><b style=\"font-family: var( --e-global-typography-text-font-family ), Sans-serif; text-align: var(--text-align); font-size: 1rem;\">Le Festival Photo \u00ab\u00a0L\u2019homme et la mer\u00a0\u00bb &#8211; Le Guilvinec<br \/><\/b><\/li>\n<\/ul>\n<p>\u00a0<\/p>\n<p><b>La coordination de l&rsquo;op\u00e9ration est assur\u00e9e par le service communication du Frac Bretagne, que vous pouvez contacter pour toute demande li\u00e9e \u00e0 cette op\u00e9ration :<\/b><\/p>\n<p><b>Tel : 02 99 37 37 93 &#8211; Mail : communication@fracbretagne.fr<\/b><\/p>\n<p><b style=\"font-family: var( --e-global-typography-text-font-family ), Sans-serif; text-align: var(--text-align); font-size: 1rem;\">Ce site Internet est h\u00e9berg\u00e9 chez Infomaniak.<\/b><b><br \/><\/b><\/p>\n<h2><b>M\u00e9dias<\/b><\/h2>\n<p><b style=\"font-family: var( --e-global-typography-text-font-family ), Sans-serif; text-align: var(--text-align); font-size: 1rem;\">Les photographies, textes, slogans, dessins, images, vid\u00e9os, s\u00e9quences anim\u00e9es sonores ou non, ainsi que toutes les \u0153uvres et visuels d\u2019\u0153uvres int\u00e9gr\u00e9s dans le site sont la propri\u00e9t\u00e9 des lieux partenaires de l&rsquo;op\u00e9ration ou de tiers ayant autoris\u00e9 cette utilisation.<\/b><\/p>\n<p><b style=\"font-family: var( --e-global-typography-text-font-family ), Sans-serif; text-align: var(--text-align); font-size: 1rem;\">Les logos, ic\u00f4nes et puces graphiques repr\u00e9sent\u00e9s sur le site sont prot\u00e9g\u00e9s au titre des droits d\u2019auteur et des articles L.511.1 et suivants du Code de la Propri\u00e9t\u00e9 Intellectuelle relatifs \u00e0 la protection des mod\u00e8les d\u00e9pos\u00e9s.<\/b><\/p>\n<p><b style=\"font-family: var( --e-global-typography-text-font-family ), Sans-serif; text-align: var(--text-align); font-size: 1rem;\">Les reproductions, sur un support papier ou informatique, dudit site et des \u0153uvres qui y sont reproduits sont autoris\u00e9es sous r\u00e9serve qu\u2019elles soient strictement r\u00e9serv\u00e9es \u00e0 un usage personnel excluant tout usage \u00e0 des fins publicitaires et\/ou commerciales, et qu\u2019elles soient conformes aux dispositions de l\u2019article L.122-5 du Code de la Propri\u00e9t\u00e9 Intellectuelle.<\/b><\/p>\n<p><b style=\"font-family: var( --e-global-typography-text-font-family ), Sans-serif; text-align: var(--text-align); font-size: 1rem;\">\u00c0 l\u2019exception des dispositions ci-dessus, toute reproduction, repr\u00e9sentation, utilisation ou modification, par quelque proc\u00e9d\u00e9 que ce soit et sur quelque support que ce soit, de tout ou partie du site, de tout ou partie des diff\u00e9rentes \u0153uvres qui le composent, sans avoir obtenu l\u2019autorisation pr\u00e9alable de la structure, des artistes ou ayant-droits concern\u00e9s est strictement interdite et constitue un d\u00e9lit de contrefa\u00e7on et peut donner suite \u00e0 des poursuites judiciaires civiles et\/ou p\u00e9nales et au paiement de dommages et int\u00e9r\u00eats.<\/b><\/p>\n<p>\u00a0<\/p>\n<p><!-- \/wp:paragraph --><\/p>\t\t\t\t\t\t<\/div>\n\t\t\t\t<\/div>\n\t\t\t\t\t<\/div>\n\t\t\t\t<\/div>\n\t\t\t\t<\/div>\n\t\t","protected":false},"excerpt":{"rendered":"<p>Qui sommes &#8211; nous\u00a0? Une travers\u00e9e photographique en Bretagne est le fruit de la r\u00e9union de structures artistiques qui partagent la m\u00eame passion pour la photographie en r\u00e9gion Bretagne.Ensemble, elles dessinent des parcours, r\u00e9cits et aventures pour d\u00e9couvrir ce que le territoire rec\u00e8le de tr\u00e9sors photographiques contemporains.Expositions monographiques, festival, collections bretonnes ou projets dans la [&hellip;]<\/p>\n","protected":false},"author":2,"featured_media":0,"parent":0,"menu_order":0,"comment_status":"closed","ping_status":"open","template":"","meta":{"footnotes":""},"class_list":["post-3","page","type-page","status-publish","hentry"],"_links":{"self":[{"href":"https:\/\/www.traverseephotobretagne.fr\/index.php\/wp-json\/wp\/v2\/pages\/3","targetHints":{"allow":["GET"]}}],"collection":[{"href":"https:\/\/www.traverseephotobretagne.fr\/index.php\/wp-json\/wp\/v2\/pages"}],"about":[{"href":"https:\/\/www.traverseephotobretagne.fr\/index.php\/wp-json\/wp\/v2\/types\/page"}],"author":[{"embeddable":true,"href":"https:\/\/www.traverseephotobretagne.fr\/index.php\/wp-json\/wp\/v2\/users\/2"}],"replies":[{"embeddable":true,"href":"https:\/\/www.traverseephotobretagne.fr\/index.php\/wp-json\/wp\/v2\/comments?post=3"}],"version-history":[{"count":25,"href":"https:\/\/www.traverseephotobretagne.fr\/index.php\/wp-json\/wp\/v2\/pages\/3\/revisions"}],"predecessor-version":[{"id":599,"href":"https:\/\/www.traverseephotobretagne.fr\/index.php\/wp-json\/wp\/v2\/pages\/3\/revisions\/599"}],"wp:attachment":[{"href":"https:\/\/www.traverseephotobretagne.fr\/index.php\/wp-json\/wp\/v2\/media?parent=3"}],"curies":[{"name":"wp","href":"https:\/\/api.w.org\/{rel}","templated":true}]}}