{"id":590,"date":"2025-03-12T15:29:39","date_gmt":"2025-03-12T14:29:39","guid":{"rendered":"https:\/\/www.traverseephotobretagne.fr\/?page_id=590"},"modified":"2026-03-11T13:01:01","modified_gmt":"2026-03-11T12:01:01","slug":"accueil","status":"publish","type":"page","link":"https:\/\/www.traverseephotobretagne.fr\/","title":{"rendered":""},"content":{"rendered":"\t\t<div data-elementor-type=\"wp-page\" data-elementor-id=\"590\" class=\"elementor elementor-590\">\n\t\t\t\t<div class=\"elementor-element elementor-element-1dda234c e-con-full e-flex e-con e-parent\" data-id=\"1dda234c\" data-element_type=\"container\">\n\t\t\t\t<div class=\"elementor-element elementor-element-2d130fb elementor-widget elementor-widget-image\" data-id=\"2d130fb\" data-element_type=\"widget\" data-widget_type=\"image.default\">\n\t\t\t\t<div class=\"elementor-widget-container\">\n\t\t\t<style>\/*! elementor - v3.21.0 - 22-05-2024 *\/\n.elementor-widget-image{text-align:center}.elementor-widget-image a{display:inline-block}.elementor-widget-image a img[src$=\".svg\"]{width:48px}.elementor-widget-image img{vertical-align:middle;display:inline-block}<\/style>\t\t\t\t\t\t\t\t\t\t<img decoding=\"async\" src=\"https:\/\/www.traverseephotobretagne.fr\/wp-content\/uploads\/2024\/04\/Logotype-bloc-blanc-fond-transparent.png\" title=\"Logotype-bloc-blanc-fond-transparent\" alt=\"Logotype-bloc-blanc-fond-transparent\" loading=\"lazy\" \/>\t\t\t\t\t\t\t\t\t\t\t\t\t<\/div>\n\t\t\t\t<\/div>\n\t\t\t\t<div class=\"elementor-element elementor-element-31f60bfe elementor-widget__width-initial elementor-widget elementor-widget-text-editor\" data-id=\"31f60bfe\" data-element_type=\"widget\" data-widget_type=\"text-editor.default\">\n\t\t\t\t<div class=\"elementor-widget-container\">\n\t\t\t<style>\/*! elementor - v3.21.0 - 22-05-2024 *\/\n.elementor-widget-text-editor.elementor-drop-cap-view-stacked .elementor-drop-cap{background-color:#69727d;color:#fff}.elementor-widget-text-editor.elementor-drop-cap-view-framed .elementor-drop-cap{color:#69727d;border:3px solid;background-color:transparent}.elementor-widget-text-editor:not(.elementor-drop-cap-view-default) .elementor-drop-cap{margin-top:8px}.elementor-widget-text-editor:not(.elementor-drop-cap-view-default) .elementor-drop-cap-letter{width:1em;height:1em}.elementor-widget-text-editor .elementor-drop-cap{float:left;text-align:center;line-height:1;font-size:50px}.elementor-widget-text-editor .elementor-drop-cap-letter{display:inline-block}<\/style>\t\t\t\t<blockquote class=\"wp-block-quote\">\n<p><!-- \/wp:spacer --><!-- wp:image {\"id\":15,\"width\":\"3000px\",\"sizeSlug\":\"full\",\"linkDestination\":\"none\",\"align\":\"center\"} --><\/p>\n<figure class=\"wp-block-image aligncenter size-full is-resized\"><img fetchpriority=\"high\" decoding=\"async\" class=\"alignnone wp-image-15\" style=\"width: 3000px;\" src=\"https:\/\/www.traverseephotobretagne.fr\/wp-content\/uploads\/2024\/04\/logo_traversee-photo-1-1.png\" alt=\"Une travers\u00e9e photographique en Bretagne\" width=\"2967\" height=\"650\" srcset=\"https:\/\/www.traverseephotobretagne.fr\/wp-content\/uploads\/2024\/04\/logo_traversee-photo-1-1.png 3014w, https:\/\/www.traverseephotobretagne.fr\/wp-content\/uploads\/2024\/04\/logo_traversee-photo-1-1-300x66.png 300w, https:\/\/www.traverseephotobretagne.fr\/wp-content\/uploads\/2024\/04\/logo_traversee-photo-1-1-1024x224.png 1024w, https:\/\/www.traverseephotobretagne.fr\/wp-content\/uploads\/2024\/04\/logo_traversee-photo-1-1-768x168.png 768w, https:\/\/www.traverseephotobretagne.fr\/wp-content\/uploads\/2024\/04\/logo_traversee-photo-1-1-1536x336.png 1536w, https:\/\/www.traverseephotobretagne.fr\/wp-content\/uploads\/2024\/04\/logo_traversee-photo-1-1-2048x448.png 2048w\" sizes=\"(max-width: 2967px) 100vw, 2967px\" \/><\/figure>\n<p><!-- \/wp:image --><\/p>\n<\/blockquote>\n<p><!-- \/wp:quote --><!-- wp:paragraph --><\/p>\n<p><!-- \/wp:paragraph --><!-- wp:paragraph {\"align\":\"center\",\"style\":{\"color\":{\"text\":\"#fcfe5a\",\"background\":\"#020566\"},\"elements\":{\"link\":{\"color\":{\"text\":\"#fcfe5a\"}}},\"typography\":{\"fontSize\":\"21px\"}}} --><\/p>\n<p class=\"has-text-align-center has-text-color has-background has-link-color\" style=\"color: #fcfe5a; background-color: #020566; font-size: 21px;\">Grandes expositions monographiques, festivals, parcours d\u00e9ploy\u00e9s \u00e0 l\u2019\u00e9chelle d\u2019une ville ou d\u2019un lieu vous invitent l&rsquo;\u00e9t\u00e9 \u00e0 traverser la Bretagne en suivant les chemins des photographes, et de leur photographie.<\/p>\n<p><!-- \/wp:paragraph --><\/p>\t\t\t\t\t\t<\/div>\n\t\t\t\t<\/div>\n\t\t\t\t<div class=\"elementor-element elementor-element-800fbfa elementor-widget elementor-widget-text-editor\" data-id=\"800fbfa\" data-element_type=\"widget\" data-widget_type=\"text-editor.default\">\n\t\t\t\t<div class=\"elementor-widget-container\">\n\t\t\t\t\t\t\t<h2>Aucune exposition \u00e0 venir pour le moment.<\/h2>\t\t\t\t\t\t<\/div>\n\t\t\t\t<\/div>\n\t\t\t\t<\/div>\n\t\t<div class=\"elementor-element elementor-element-a408f69 e-grid e-con-full e-transform e-con e-parent\" data-id=\"a408f69\" data-element_type=\"container\" data-settings=\"{&quot;background_background&quot;:&quot;classic&quot;,&quot;_transform_scale_effect&quot;:{&quot;unit&quot;:&quot;px&quot;,&quot;size&quot;:&quot;&quot;,&quot;sizes&quot;:[]},&quot;_transform_scale_effect_tablet&quot;:{&quot;unit&quot;:&quot;px&quot;,&quot;size&quot;:&quot;&quot;,&quot;sizes&quot;:[]},&quot;_transform_scale_effect_mobile&quot;:{&quot;unit&quot;:&quot;px&quot;,&quot;size&quot;:&quot;&quot;,&quot;sizes&quot;:[]}}\">\n\t\t\t\t<\/div>\n\t\t<div class=\"elementor-element elementor-element-161bd52 e-grid e-con-full e-transform e-con e-parent\" data-id=\"161bd52\" data-element_type=\"container\" data-settings=\"{&quot;background_background&quot;:&quot;classic&quot;,&quot;_transform_scale_effect&quot;:{&quot;unit&quot;:&quot;px&quot;,&quot;size&quot;:&quot;&quot;,&quot;sizes&quot;:[]},&quot;_transform_scale_effect_tablet&quot;:{&quot;unit&quot;:&quot;px&quot;,&quot;size&quot;:&quot;&quot;,&quot;sizes&quot;:[]},&quot;_transform_scale_effect_mobile&quot;:{&quot;unit&quot;:&quot;px&quot;,&quot;size&quot;:&quot;&quot;,&quot;sizes&quot;:[]}}\">\n\t\t\t\t<\/div>\n\t\t<div class=\"elementor-element elementor-element-5b060f7 e-grid e-con-full e-transform e-con e-parent\" data-id=\"5b060f7\" data-element_type=\"container\" data-settings=\"{&quot;background_background&quot;:&quot;classic&quot;,&quot;_transform_scale_effect&quot;:{&quot;unit&quot;:&quot;px&quot;,&quot;size&quot;:&quot;&quot;,&quot;sizes&quot;:[]},&quot;_transform_scale_effect_tablet&quot;:{&quot;unit&quot;:&quot;px&quot;,&quot;size&quot;:&quot;&quot;,&quot;sizes&quot;:[]},&quot;_transform_scale_effect_mobile&quot;:{&quot;unit&quot;:&quot;px&quot;,&quot;size&quot;:&quot;&quot;,&quot;sizes&quot;:[]}}\">\n\t\t\t\t<\/div>\n\t\t\t\t<\/div>\n\t\t","protected":false},"excerpt":{"rendered":"<p>Une travers\u00e9e photographique en Bretagne : d\u00e9couvrez le programme prochainement !<\/p>\n","protected":false},"author":1,"featured_media":0,"parent":0,"menu_order":0,"comment_status":"closed","ping_status":"closed","template":"","meta":{"footnotes":""},"class_list":["post-590","page","type-page","status-publish","hentry"],"_links":{"self":[{"href":"https:\/\/www.traverseephotobretagne.fr\/index.php\/wp-json\/wp\/v2\/pages\/590","targetHints":{"allow":["GET"]}}],"collection":[{"href":"https:\/\/www.traverseephotobretagne.fr\/index.php\/wp-json\/wp\/v2\/pages"}],"about":[{"href":"https:\/\/www.traverseephotobretagne.fr\/index.php\/wp-json\/wp\/v2\/types\/page"}],"author":[{"embeddable":true,"href":"https:\/\/www.traverseephotobretagne.fr\/index.php\/wp-json\/wp\/v2\/users\/1"}],"replies":[{"embeddable":true,"href":"https:\/\/www.traverseephotobretagne.fr\/index.php\/wp-json\/wp\/v2\/comments?post=590"}],"version-history":[{"count":9,"href":"https:\/\/www.traverseephotobretagne.fr\/index.php\/wp-json\/wp\/v2\/pages\/590\/revisions"}],"predecessor-version":[{"id":726,"href":"https:\/\/www.traverseephotobretagne.fr\/index.php\/wp-json\/wp\/v2\/pages\/590\/revisions\/726"}],"wp:attachment":[{"href":"https:\/\/www.traverseephotobretagne.fr\/index.php\/wp-json\/wp\/v2\/media?parent=590"}],"curies":[{"name":"wp","href":"https:\/\/api.w.org\/{rel}","templated":true}]}}